{"id":488,"date":"2015-03-19T12:04:06","date_gmt":"2015-03-19T11:04:06","guid":{"rendered":"http:\/\/candidati.unica.it\/mariadelzompo\/?page_id=488"},"modified":"2015-04-13T13:15:06","modified_gmt":"2015-04-13T11:15:06","slug":"lettera-per-il-20-marzo","status":"publish","type":"page","link":"https:\/\/candidati.unica.it\/mariadelzompo\/lettere\/lettera-per-il-20-marzo\/","title":{"rendered":"Lettera per il 20 marzo"},"content":{"rendered":"<p style=\"text-align: justify\">Carissimi tutti,<br \/>\nlo scorso 9 marzo, alla prima votazione di queste elezioni rettorali, 985 di voi con il proprio voto hanno fatto si che raggiungessi un consenso di 542 voti ponderati.\u00a0 Non posso negare di essere rimasta piacevolmente sorpresa di questo successo e per questo vi ringrazio. Essere indicata come possibile futuro Rettore dell\u2019Ateneo cagliaritano, scegliendomi all\u2019interno di una rosa di qualificati colleghi, candidati come me a ricoprire un ruolo cos\u00ec impegnativo e sfidante \u00e8 stato un traguardo davvero importante.<\/p>\n<p style=\"text-align: justify\"><strong>Venerd\u00ec 20 marzo si torna a votare per raggiungere la maggioranza assoluta degli aventi diritto al voto, ancora necessaria per eleggere il nuovo Rettore dell\u2019Ateneo. Invito perci\u00f2 oloro che mi hanno indicato nella prima votazione a confermare la loro scelta, e coloro che nel primo turno hanno fatto altre scelte a considerare la possibilit\u00e0 di scegliermi il 20 marzo.<\/strong><\/p>\n<p style=\"text-align: justify\">Vi ricordo gli atti pi\u00f9 importanti che nel primo anno di mandato, con la attivazione di differenti team a progetto, mi impegno a portare avanti:<\/p>\n<p style=\"text-align: justify\">\u2022 Rivisitare lo statuto e i regolamenti per armonizzare e semplificare, in modo trasparente e condiviso; potenziare la Consulta dei Direttori di Dipartimento; riorganizzare la struttura amministrativa.<br \/>\n\u2022 Impostare immediatamente il processo di organizzazione necessario al raggiungimento degli indicatori ministeriali principali mediante:<br \/>\na) l\u2019approfondimento della qualit\u00e0 dell\u2019Offerta Formativa, con particolare attenzione anche alle esigenze del territorio; b) il potenziamento dell\u2019Ufficio Europa e di quello Finanziamenti e Valorizzazione della Ricerca per migliorare i nostri parametri e avere maggiori risorse;\u00a0 c) la stesura del Piano Strategico di Ateneo; d) una nuova progettazione dell\u2019Orientamento.<\/p>\n<ul style=\"text-align: justify\">\n<li>Sostenere una progettualit\u00e0 che dia un ruolo definito all\u2019AOU di Cagliari nell\u2019immediato e nel lungo periodo, migliorando l\u2019integrazione assistenza\/didattica\/ricerca; risoluzione del contenzioso relativo all\u2019applicazione della legge 517\/1999<br \/>\n\u2022 Impostare un piano relativo alla manutenzione degli edifici e all\u2019utilizzo degli spazi resi liberi.<br \/>\n\u2022 Immediato coordinamento con la Regione, il Comune di Cagliari e l\u2019ERSU per iniziative comuni.<br \/>\nPer tutti gli approfondimenti sul mio programma vi rimando al link <a href=\"http:\/\/candidati.unica.it\/mariadelzompo\/\">http:\/\/candidati.unica.it\/mariadelzompo\/<\/a><\/li>\n<\/ul>\n<p style=\"text-align: justify\">Vorrei riaffermare e trasmettere un principio semplice e chiaro che, allo stesso tempo, \u00e8 anche il mio pi\u00f9 grande impegno: io sar\u00f2 al servizio di tutti, perch\u00e9 tutti noi rappresentiamo l\u2019istituzione, la nostra Universit\u00e0.<\/p>\n<p style=\"text-align: justify\">\u00a0Se mi sceglierete come Rettore mi occuper\u00f2 di tutti con la massima trasparenza e chiarezza, considerando che non potr\u00f2 farmi carico delle singole vicende personali, ma di sicuro contribuir\u00f2 a rendere migliori gli ambienti di lavoro e di studio.<\/p>\n<p style=\"text-align: justify\">Se mi darete il vostro consenso, sar\u00f2 Rettore con e per tutti coloro che con la propria energia, ma anche con le proprie ansie e timori, vogliono contribuire ad impegnarsi a rendere il nostro Ateneo un luogo di lavoro privilegiato e non un luogo di lavoro per privilegiati.<\/p>\n<p>Maria Del Zompo<\/p>\n","protected":false},"excerpt":{"rendered":"<p>Carissimi tutti, lo scorso 9 marzo, alla prima votazione di queste elezioni rettorali, 985 di voi con il proprio voto hanno fatto si che raggiungessi un consenso di 542 voti ponderati.\u00a0 Non posso negare di essere rimasta piacevolmente sorpresa di questo successo e per questo vi ringrazio. Essere indicata come possibile futuro Rettore dell\u2019Ateneo cagliaritano, &hellip; <a href=\"https:\/\/candidati.unica.it\/mariadelzompo\/lettere\/lettera-per-il-20-marzo\/\" class=\"more-link\">Continua la lettura di <span class=\"screen-reader-text\">Lettera per il 20 marzo<\/span> <span class=\"meta-nav\">&rarr;<\/span><\/a><\/p>\n","protected":false},"author":241,"featured_media":0,"parent":492,"menu_order":3,"comment_status":"closed","ping_status":"open","template":"","meta":{"footnotes":""},"class_list":["post-488","page","type-page","status-publish","hentry"],"_links":{"self":[{"href":"https:\/\/candidati.unica.it\/mariadelzompo\/wp-json\/wp\/v2\/pages\/488","targetHints":{"allow":["GET"]}}],"collection":[{"href":"https:\/\/candidati.unica.it\/mariadelzompo\/wp-json\/wp\/v2\/pages"}],"about":[{"href":"https:\/\/candidati.unica.it\/mariadelzompo\/wp-json\/wp\/v2\/types\/page"}],"author":[{"embeddable":true,"href":"https:\/\/candidati.unica.it\/mariadelzompo\/wp-json\/wp\/v2\/users\/241"}],"replies":[{"embeddable":true,"href":"https:\/\/candidati.unica.it\/mariadelzompo\/wp-json\/wp\/v2\/comments?post=488"}],"version-history":[{"count":2,"href":"https:\/\/candidati.unica.it\/mariadelzompo\/wp-json\/wp\/v2\/pages\/488\/revisions"}],"predecessor-version":[{"id":490,"href":"https:\/\/candidati.unica.it\/mariadelzompo\/wp-json\/wp\/v2\/pages\/488\/revisions\/490"}],"up":[{"embeddable":true,"href":"https:\/\/candidati.unica.it\/mariadelzompo\/wp-json\/wp\/v2\/pages\/492"}],"wp:attachment":[{"href":"https:\/\/candidati.unica.it\/mariadelzompo\/wp-json\/wp\/v2\/media?parent=488"}],"curies":[{"name":"wp","href":"https:\/\/api.w.org\/{rel}","templated":true}]}}