{"id":484,"date":"2015-03-18T10:59:21","date_gmt":"2015-03-18T09:59:21","guid":{"rendered":"http:\/\/candidati.unica.it\/mariadelzompo\/?page_id=484"},"modified":"2015-04-13T13:14:43","modified_gmt":"2015-04-13T11:14:43","slug":"lettera-per-il-9-marzo","status":"publish","type":"page","link":"https:\/\/candidati.unica.it\/mariadelzompo\/lettere\/lettera-per-il-9-marzo\/","title":{"rendered":"Lettera per il 9 marzo"},"content":{"rendered":"<p style=\"text-align: justify\">Carissimi tutti<\/p>\n<p style=\"text-align: justify\">Luned\u00ec 9 marzo eserciterete il vostro voto; vorrei ringraziare tutti voi per aver reso questa campagna elettorale un momento di conoscenza e di scambio reciproco, auguro a voi tutti di andare alle urne con la leggerezza di chi ha potuto confrontare con libert\u00e0 ed affezione alla nostra Universit\u00e0 i programmi dei cinque candidati.<\/p>\n<p style=\"text-align: justify\">Credo abbiate avuto modo di percepire, valutando le diverse proposte, quali siano le caratteristiche di ognuno. Da parte mia, ho percepito chiaramente il desiderio diffuso di vivere la nostra universit\u00e0 come pi\u00f9 colta, pi\u00f9 aperta, pi\u00f9 giusta, pi\u00f9 ambita, pi\u00f9 simpatica, pi\u00f9 decorosa e pi\u00f9 dignitosa negli ambienti e negli spazi.<\/p>\n<p style=\"text-align: justify\">Sono convinta che capacit\u00e0 di ascolto e di mediazione e fermezza siano tra le &#8220;arti&#8221; che il nuovo Rettore dovr\u00e0 esercitare per fronteggiare la sfida per rivitalizzare il nostro Ateneo. Io, se lo consentirete, le metter\u00f2 al servizio delle quattro direttrici del mio Progetto Unica: innovare, garantire, facilitare ed organizzare, con lo scopo di consentire alla nostra Universit\u00e0, con una chiara organizzazione ed una oggettiva valutazione, di far emergere a tutti i livelli le capacit\u00e0 di tutti noi. Il Rettore che sarei dovr\u00e0 coordinare l\u2019attivit\u00e0 di governo, dovr\u00e0 essere disponibile al confronto e all\u2019incontro, dovr\u00e0 essere garante dell\u2019equilibrio tra le varie anime che compongono l\u2019Ateneo, responsabile del rispetto delle regole e della democrazia interna, promotore di un progetto partecipato e condiviso, al quale sovrintendere anche attraverso \u201cteam a progetto\u201d con i quali condividere l\u2019analisi delle problematiche e la responsabilit\u00e0 delle soluzioni prospettate.<\/p>\n<p style=\"text-align: justify\">Vi rinnovo l\u2019invito a leggere il mio <a href=\"http:\/\/candidati.unica.it\/mariadelzompo\/\">blog<\/a>, \u00a0e a continuare a interagire con me, come avete fatto in tanti in queste settimane.<\/p>\n<p style=\"text-align: justify\">Con il vostro consenso, potremo farcela.<\/p>\n<p style=\"text-align: justify\">Maria Del Zompo<\/p>\n<p>&nbsp;<\/p>\n","protected":false},"excerpt":{"rendered":"<p>Carissimi tutti Luned\u00ec 9 marzo eserciterete il vostro voto; vorrei ringraziare tutti voi per aver reso questa campagna elettorale un momento di conoscenza e di scambio reciproco, auguro a voi tutti di andare alle urne con la leggerezza di chi ha potuto confrontare con libert\u00e0 ed affezione alla nostra Universit\u00e0 i programmi dei cinque candidati. &hellip; <a href=\"https:\/\/candidati.unica.it\/mariadelzompo\/lettere\/lettera-per-il-9-marzo\/\" class=\"more-link\">Continua la lettura di <span class=\"screen-reader-text\">Lettera per il 9 marzo<\/span> <span class=\"meta-nav\">&rarr;<\/span><\/a><\/p>\n","protected":false},"author":241,"featured_media":0,"parent":492,"menu_order":2,"comment_status":"closed","ping_status":"open","template":"","meta":{"footnotes":""},"class_list":["post-484","page","type-page","status-publish","hentry"],"_links":{"self":[{"href":"https:\/\/candidati.unica.it\/mariadelzompo\/wp-json\/wp\/v2\/pages\/484","targetHints":{"allow":["GET"]}}],"collection":[{"href":"https:\/\/candidati.unica.it\/mariadelzompo\/wp-json\/wp\/v2\/pages"}],"about":[{"href":"https:\/\/candidati.unica.it\/mariadelzompo\/wp-json\/wp\/v2\/types\/page"}],"author":[{"embeddable":true,"href":"https:\/\/candidati.unica.it\/mariadelzompo\/wp-json\/wp\/v2\/users\/241"}],"replies":[{"embeddable":true,"href":"https:\/\/candidati.unica.it\/mariadelzompo\/wp-json\/wp\/v2\/comments?post=484"}],"version-history":[{"count":3,"href":"https:\/\/candidati.unica.it\/mariadelzompo\/wp-json\/wp\/v2\/pages\/484\/revisions"}],"predecessor-version":[{"id":487,"href":"https:\/\/candidati.unica.it\/mariadelzompo\/wp-json\/wp\/v2\/pages\/484\/revisions\/487"}],"up":[{"embeddable":true,"href":"https:\/\/candidati.unica.it\/mariadelzompo\/wp-json\/wp\/v2\/pages\/492"}],"wp:attachment":[{"href":"https:\/\/candidati.unica.it\/mariadelzompo\/wp-json\/wp\/v2\/media?parent=484"}],"curies":[{"name":"wp","href":"https:\/\/api.w.org\/{rel}","templated":true}]}}