{"id":272,"date":"2015-02-16T10:45:38","date_gmt":"2015-02-16T09:45:38","guid":{"rendered":"http:\/\/candidati.unica.it\/mariadelzompo\/?page_id=272"},"modified":"2015-02-16T18:58:24","modified_gmt":"2015-02-16T17:58:24","slug":"internazionalizzazione-e-europeizzazione-dei-dottorati-di-ricerca","status":"publish","type":"page","link":"https:\/\/candidati.unica.it\/mariadelzompo\/il-mio-programma-2\/il-compito-isituzionale\/internazionalizzazione\/internazionalizzazione-e-europeizzazione-dei-dottorati-di-ricerca\/","title":{"rendered":"Internazionalizzazione e europeizzazione dei dottorati di ricerca"},"content":{"rendered":"<p style=\"text-align: justify\">Fondamentale attenzione sar\u00e0 conferita all&#8217;internazionalizzazione dei dottorati di ricerca, dalla co-tutela di tesi (con la supervisione congiunta con docenti stranieri dell\u2019elaborato finale di singoli dottorandi), alla mobilit\u00e0 dei dottorandi, alla esplicitazione (in conformit\u00e0 con il DM n. 45\/2013) di Corsi di Studio organizzati in consorzio con enti di ricerca stranieri, fino\u00a0 pervenire a Corsi di Dottorato organizzati in consorzio con Universit\u00e0 straniere e per i quali sia previsto il rilascio di titoli multipli o congiunti, come esito di un processo di effettiva cooperazione a livello scientifico e formativo. Infatti, nel caso dei Dottorati, l&#8217;internazionalizzazione assume un&#8217;importanza determinante, proprio perch\u00e9, mediante collaborazioni scientifiche tra le istituzioni partner, d\u00e0 una dimensione pi\u00f9 competitiva sia alla qualit\u00e0 della nostra formazione sia alla qualit\u00e0 della nostra ricerca, presente e futura.\u00a0In termini organizzativi, in questo percorso diviene quindi fondamentale il potenziamento dell&#8217;autonomia gestionale dei servizi a sostegno dei processi d&#8217;internazionalizzazione (per la didattica e la ricerca). Sar\u00e0 utile procedere a un rafforzamento dell&#8217;Ufficio Relazioni Internazionali &#8211; Erasmus, che sempre di pi\u00f9 dovr\u00e0 operare come &#8220;volano&#8221; nell&#8217;informazione e nell&#8217;organizzazione delle iniziative d&#8217;internazionalizzazione. Sar\u00e0 mia intenzione, in particolare, programmare regolari eventi informativi e formativi per garantire che tutti i nostri ricercatori, assegnisti e professori conoscano i servizi, le risorse e le opportunit\u00e0 d&#8217;internazionalizzazione che gi\u00e0 sono attivi e che possono essere ulteriormente attivati nel nostro Ateneo.\u00a0Agli studiosi provenienti dall&#8217;estero (sia docenti sia studenti, ancora troppo esigui) offriremo, agevolando lo sviluppo di cooperazioni, servizi per l&#8217;alloggio (mediante le residenze universitarie), per il supporto amministrativo e anche per l&#8217;assistenza linguistica.<\/p>\n<p style=\"text-align: justify\">La posizione geografica del nostro Ateneo, inoltre, rende particolarmente favorevole avviare delle <strong>Summer Schools internazionali<\/strong> che, utilizzando la sua felice collocazione rispetto a centri attrattivi possano costituire non solo un&#8217;ulteriore occasione per l&#8217;internazionalizzazione, ma anche per rinvenire risorse finanziarie aggiuntive. Al medesimo tempo, identica attenzione dovr\u00e0 essere riservata alle attivit\u00e0 espletate dall&#8217;Ufficio Ricerca, allo scopo di consentire un crescente, ininterrotto e utile ricorso a opportunit\u00e0 di finanziamento internazionali in generale ed europee in particolare.<\/p>\n<p style=\"text-align: justify\">Appare essenziale, in questo contesto, dare ulteriore impulso all\u2019insegnamento delle lingue, in particolare, ma non solo, dell\u2019inglese, tra gli studenti ed il personale. Infatti, tra i tanti problemi legati alle conoscenze di base dei nostri studenti, la conoscenza di una seconda lingua continua ad essere un grave deficit, ecco perch\u00e9 ho in animo di presentare una progettualit\u00e0 che porti ad attivare un percorso di miglioramento di questo aspetto insieme e in accordo alle istituzioni preposte a questo. Ritengo necessario predisporre dei percorsi di consolidamento di una seconda lingua, inglese in particolare, nei primi due anni dei corsi triennali per permettere ai nostri studenti di essere poi pi\u00f9 competitivi, nella professione che sceglieranno. Vorrei davvero cercare di limitare i numerosi handicap messi lungo la strada dei nostri ragazzi nel loro percorso culturale\/professionale. Questa politica \u00e8 la precondizione per favorire l\u2019espansione del programma Erasmus+, Mundus e Globus, che finora ha consentito ad un numero, da incrementare, dei nostri studenti e dei nostri docenti di vivere un\u2019esperienza in un Ateneo Europeo. A questo proposito, ho in animo di inserire tra gli <strong>obiettivi dei Corsi di Laurea<\/strong> del nostro Ateneo il raggiungimento di un numero concordato di studenti Erasmus o Globus, per facilitare appunto l&#8217;esperienza all&#8217;estero in TUTTI i Corsi dell&#8217;Ateneo. Inoltre, ritengo che queste importanti esperienze debbano essere potenziate attraverso la costruzione di scambi e di reti che consentano di costruire solide opportunit\u00e0 di studio e lavoro all\u2019estero anche attraverso la mobilit\u00e0 post-laurea.<\/p>\n","protected":false},"excerpt":{"rendered":"<p>Fondamentale attenzione sar\u00e0 conferita all&#8217;internazionalizzazione dei dottorati di ricerca, dalla co-tutela di tesi (con la supervisione congiunta con docenti stranieri dell\u2019elaborato finale di singoli dottorandi), alla mobilit\u00e0 dei dottorandi, alla esplicitazione (in conformit\u00e0 con il DM n. 45\/2013) di Corsi di Studio organizzati in consorzio con enti di ricerca stranieri, fino\u00a0 pervenire a Corsi di &hellip; <a href=\"https:\/\/candidati.unica.it\/mariadelzompo\/il-mio-programma-2\/il-compito-isituzionale\/internazionalizzazione\/internazionalizzazione-e-europeizzazione-dei-dottorati-di-ricerca\/\" class=\"more-link\">Continua la lettura di <span class=\"screen-reader-text\">Internazionalizzazione e europeizzazione dei dottorati di ricerca<\/span> <span class=\"meta-nav\">&rarr;<\/span><\/a><\/p>\n","protected":false},"author":241,"featured_media":0,"parent":123,"menu_order":3,"comment_status":"open","ping_status":"open","template":"","meta":{"footnotes":""},"class_list":["post-272","page","type-page","status-publish","hentry"],"_links":{"self":[{"href":"https:\/\/candidati.unica.it\/mariadelzompo\/wp-json\/wp\/v2\/pages\/272","targetHints":{"allow":["GET"]}}],"collection":[{"href":"https:\/\/candidati.unica.it\/mariadelzompo\/wp-json\/wp\/v2\/pages"}],"about":[{"href":"https:\/\/candidati.unica.it\/mariadelzompo\/wp-json\/wp\/v2\/types\/page"}],"author":[{"embeddable":true,"href":"https:\/\/candidati.unica.it\/mariadelzompo\/wp-json\/wp\/v2\/users\/241"}],"replies":[{"embeddable":true,"href":"https:\/\/candidati.unica.it\/mariadelzompo\/wp-json\/wp\/v2\/comments?post=272"}],"version-history":[{"count":9,"href":"https:\/\/candidati.unica.it\/mariadelzompo\/wp-json\/wp\/v2\/pages\/272\/revisions"}],"predecessor-version":[{"id":429,"href":"https:\/\/candidati.unica.it\/mariadelzompo\/wp-json\/wp\/v2\/pages\/272\/revisions\/429"}],"up":[{"embeddable":true,"href":"https:\/\/candidati.unica.it\/mariadelzompo\/wp-json\/wp\/v2\/pages\/123"}],"wp:attachment":[{"href":"https:\/\/candidati.unica.it\/mariadelzompo\/wp-json\/wp\/v2\/media?parent=272"}],"curies":[{"name":"wp","href":"https:\/\/api.w.org\/{rel}","templated":true}]}}