{"id":189,"date":"2015-02-14T12:02:25","date_gmt":"2015-02-14T11:02:25","guid":{"rendered":"http:\/\/candidati.unica.it\/mariadelzompo\/?page_id=189"},"modified":"2015-02-16T15:05:55","modified_gmt":"2015-02-16T14:05:55","slug":"relazioni-con-la-municipalita-la-regione-e-gli-altri-enti-locali","status":"publish","type":"page","link":"https:\/\/candidati.unica.it\/mariadelzompo\/il-mio-programma-2\/7-lateneo-e-il-territorio\/relazioni-con-la-municipalita-la-regione-e-gli-altri-enti-locali\/","title":{"rendered":"6.2 Relazioni con la municipalit\u00e0, la Regione e gli altri enti locali"},"content":{"rendered":"<p style=\"text-align: justify\">E\u2019 necessaria una rilettura del rapporto con la citt\u00e0: l\u2019Ateneo dovr\u00e0 essere impegnato ad aprirsi e a farsi conoscere come luogo dell\u2019approfondimento culturale anche ben oltre il periodo della vita normalmente dedicato all\u2019istruzione universitaria.<\/p>\n<p style=\"text-align: justify\">A mio parere manca ancora l&#8217;idea che l&#8217;Universit\u00e0, in una citt\u00e0 come Cagliari, non sia solo un fornitore di servizi, sia pure evoluto e a largo spettro, ma una vera vocazione urbana, che ha un significato pi\u00f9 profondo.<\/p>\n<p style=\"text-align: justify\">Cagliari non deve essere una citt\u00e0 CON l&#8217;Universit\u00e0 o che utilizza l&#8217;Universit\u00e0 come un servizio di alto livello, ma una vera e propria <strong>citt\u00e0 universitaria<\/strong>, visto e considerato che l\u2019Ateneo gi\u00e0 oggi permea la citt\u00e0 pi\u00f9 di ogni altra entit\u00e0 che pretende di fornire alla citt\u00e0 una natura vocazionale. Cagliari \u00e9 gi\u00e0 nei fatti, ma non lo \u00e8 consapevolmente e quindi non ne sviluppa tutte le potenzialit\u00e0, una citt\u00e0 universitaria. Lo era gi\u00e0 quando il porto era una struttura militare murata e chiusa, lo era quando il concetto di turismo era lontano da essere ideato. Vorrei come prossimo Rettore impegnarmi a dialogare con il Comune e a progettare insieme su queste basi.<\/p>\n<p style=\"text-align: justify\">I rapporti con la Regione e con gli altri Enti Locali dovranno essere privilegiati e improntati al rispetto dei reciproci ruoli istituzionali. La scelta di indicatori e di sistemi di valutazione condivisi, funzionali ad una presentazione non autoreferenziale, sar\u00e0 alla base dell\u2019impegno, sempre trasparente, da parte dell\u2019Ateneo.<\/p>\n<p style=\"text-align: justify\">In varie parti del programma sono previste interazioni proficue con le istituzioni locali, verso le quali va ribadito il massimo rispetto, con la convinzione che l\u2019Ateneo cagliaritano gode, presso di esse, della stessa considerazione. Di sicuro il ruolo del Rettore da me inteso non pretender\u00e0 di sostituirsi alle competenze di altri ma, consapevole del significato e del ruolo dell\u2019Universit\u00e0, ricercher\u00e0 sempre il punto di contatto. Il rapporto con le altre istituzioni non potr\u00e0 che essere basato sulla trasparenza. L\u2019interazione progettuale attraverso il <strong>Piano della Ricerca, della didattica e dell\u2019Alta Formazione o Piano Strategico di Ateneo<\/strong> sar\u00e0 la base di discussione, conterr\u00e0 la dichiarazione di quello che siamo e di quello che vorremmo essere, ovvero il fulcro della cultura e della formazione che per essere tale deve proiettarsi all\u2019esterno e ricercare sinergie.<\/p>\n","protected":false},"excerpt":{"rendered":"<p>E\u2019 necessaria una rilettura del rapporto con la citt\u00e0: l\u2019Ateneo dovr\u00e0 essere impegnato ad aprirsi e a farsi conoscere come luogo dell\u2019approfondimento culturale anche ben oltre il periodo della vita normalmente dedicato all\u2019istruzione universitaria. A mio parere manca ancora l&#8217;idea che l&#8217;Universit\u00e0, in una citt\u00e0 come Cagliari, non sia solo un fornitore di servizi, sia &hellip; <a href=\"https:\/\/candidati.unica.it\/mariadelzompo\/il-mio-programma-2\/7-lateneo-e-il-territorio\/relazioni-con-la-municipalita-la-regione-e-gli-altri-enti-locali\/\" class=\"more-link\">Continua la lettura di <span class=\"screen-reader-text\">6.2 Relazioni con la municipalit\u00e0, la Regione e gli altri enti locali<\/span> <span class=\"meta-nav\">&rarr;<\/span><\/a><\/p>\n","protected":false},"author":241,"featured_media":0,"parent":183,"menu_order":2,"comment_status":"open","ping_status":"open","template":"","meta":{"footnotes":""},"class_list":["post-189","page","type-page","status-publish","hentry"],"_links":{"self":[{"href":"https:\/\/candidati.unica.it\/mariadelzompo\/wp-json\/wp\/v2\/pages\/189","targetHints":{"allow":["GET"]}}],"collection":[{"href":"https:\/\/candidati.unica.it\/mariadelzompo\/wp-json\/wp\/v2\/pages"}],"about":[{"href":"https:\/\/candidati.unica.it\/mariadelzompo\/wp-json\/wp\/v2\/types\/page"}],"author":[{"embeddable":true,"href":"https:\/\/candidati.unica.it\/mariadelzompo\/wp-json\/wp\/v2\/users\/241"}],"replies":[{"embeddable":true,"href":"https:\/\/candidati.unica.it\/mariadelzompo\/wp-json\/wp\/v2\/comments?post=189"}],"version-history":[{"count":4,"href":"https:\/\/candidati.unica.it\/mariadelzompo\/wp-json\/wp\/v2\/pages\/189\/revisions"}],"predecessor-version":[{"id":410,"href":"https:\/\/candidati.unica.it\/mariadelzompo\/wp-json\/wp\/v2\/pages\/189\/revisions\/410"}],"up":[{"embeddable":true,"href":"https:\/\/candidati.unica.it\/mariadelzompo\/wp-json\/wp\/v2\/pages\/183"}],"wp:attachment":[{"href":"https:\/\/candidati.unica.it\/mariadelzompo\/wp-json\/wp\/v2\/media?parent=189"}],"curies":[{"name":"wp","href":"https:\/\/api.w.org\/{rel}","templated":true}]}}