{"id":180,"date":"2015-02-14T11:53:03","date_gmt":"2015-02-14T10:53:03","guid":{"rendered":"http:\/\/candidati.unica.it\/mariadelzompo\/?page_id=180"},"modified":"2015-02-16T19:12:41","modified_gmt":"2015-02-16T18:12:41","slug":"politiche-sociali","status":"publish","type":"page","link":"https:\/\/candidati.unica.it\/mariadelzompo\/il-mio-programma-2\/6-gli-strumenti\/politiche-sociali\/","title":{"rendered":"5.4 Politiche sociali"},"content":{"rendered":"<ul>\n<li style=\"text-align: justify\">Politiche per l\u2019integrazione degli studenti diversamente abili &#8211; Il Servizio per gli studenti universitari diversamente abili viene svolto dai \u201ctutor di affiancamento\u201d ed ha iniziato ad operare nell\u2019ottobre 2001, con l\u2019attivazione di diversi servizi e ritengo importante potenziare l\u2019Ufficio Disabilit\u00e0 del nostro Ateneo. Credo fermamente nell\u2019importanza di garantire il diritto allo studio agli studenti in situazione di disabilit\u00e0, offrendo loro pari opportunit\u00e0 rispetto agli altri studenti, e favorire le loro integrazione. La promozione di sinergie con l\u2019ERSU sar\u00e0 cruciale per l\u2019attuazione di iniziative e servizi coordinati.<\/li>\n<li style=\"text-align: justify\">\u201cHousing\u201d sociale \u2013 Mi impegno a verificare in concreto le possibilit\u00e0 di attivare un piano di \u201chousing sociale\u201d con le istituzioni locali pubbliche e con il sistema bancario regionale per facilitare le soluzioni abitative di giovani ricercatori, dottorandi, assegnisti, specializzandi, personale TA.<\/li>\n<li style=\"text-align: justify\">Asilo Nido \u2013 Mi impegno a migliorare la qualit\u00e0 del lavoro senza che valori fondamentali della nostra societ\u00e0 debbano essere penalizzati o penalizzanti. Per incidere in questo senso, mi adoperer\u00f2 per trovare sinergie con altre istituzioni affinch\u00e9, sia presso la Cittadella di Monserrato sia nel \u201cpolo cittadino\u201d dell\u2019Universit\u00e0, siano previsti asili nido. Esiste la possibilit\u00e0 di accedere a fonti di finanziamento privilegiato e si potrebbero utilizzare sinergie importanti con alcune realt\u00e0 didattiche e formative del nostro Ateneo.<\/li>\n<\/ul>\n","protected":false},"excerpt":{"rendered":"<p>Politiche per l\u2019integrazione degli studenti diversamente abili &#8211; Il Servizio per gli studenti universitari diversamente abili viene svolto dai \u201ctutor di affiancamento\u201d ed ha iniziato ad operare nell\u2019ottobre 2001, con l\u2019attivazione di diversi servizi e ritengo importante potenziare l\u2019Ufficio Disabilit\u00e0 del nostro Ateneo. Credo fermamente nell\u2019importanza di garantire il diritto allo studio agli studenti in &hellip; <a href=\"https:\/\/candidati.unica.it\/mariadelzompo\/il-mio-programma-2\/6-gli-strumenti\/politiche-sociali\/\" class=\"more-link\">Continua la lettura di <span class=\"screen-reader-text\">5.4 Politiche sociali<\/span> <span class=\"meta-nav\">&rarr;<\/span><\/a><\/p>\n","protected":false},"author":241,"featured_media":0,"parent":168,"menu_order":4,"comment_status":"open","ping_status":"open","template":"","meta":{"footnotes":""},"class_list":["post-180","page","type-page","status-publish","hentry"],"_links":{"self":[{"href":"https:\/\/candidati.unica.it\/mariadelzompo\/wp-json\/wp\/v2\/pages\/180","targetHints":{"allow":["GET"]}}],"collection":[{"href":"https:\/\/candidati.unica.it\/mariadelzompo\/wp-json\/wp\/v2\/pages"}],"about":[{"href":"https:\/\/candidati.unica.it\/mariadelzompo\/wp-json\/wp\/v2\/types\/page"}],"author":[{"embeddable":true,"href":"https:\/\/candidati.unica.it\/mariadelzompo\/wp-json\/wp\/v2\/users\/241"}],"replies":[{"embeddable":true,"href":"https:\/\/candidati.unica.it\/mariadelzompo\/wp-json\/wp\/v2\/comments?post=180"}],"version-history":[{"count":5,"href":"https:\/\/candidati.unica.it\/mariadelzompo\/wp-json\/wp\/v2\/pages\/180\/revisions"}],"predecessor-version":[{"id":439,"href":"https:\/\/candidati.unica.it\/mariadelzompo\/wp-json\/wp\/v2\/pages\/180\/revisions\/439"}],"up":[{"embeddable":true,"href":"https:\/\/candidati.unica.it\/mariadelzompo\/wp-json\/wp\/v2\/pages\/168"}],"wp:attachment":[{"href":"https:\/\/candidati.unica.it\/mariadelzompo\/wp-json\/wp\/v2\/media?parent=180"}],"curies":[{"name":"wp","href":"https:\/\/api.w.org\/{rel}","templated":true}]}}