{"id":150,"date":"2015-02-14T11:32:19","date_gmt":"2015-02-14T10:32:19","guid":{"rendered":"http:\/\/candidati.unica.it\/mariadelzompo\/?page_id=150"},"modified":"2015-02-16T19:06:17","modified_gmt":"2015-02-16T18:06:17","slug":"riorganizzazione-dellamministrazione-centrale-e-semplificazioni-procedurali","status":"publish","type":"page","link":"https:\/\/candidati.unica.it\/mariadelzompo\/il-mio-programma-2\/4-il-governo-dellateneo\/riorganizzazione-dellamministrazione-centrale-e-semplificazioni-procedurali\/","title":{"rendered":"3. 4 Riorganizzazione dell\u2019Amministrazione Centrale e semplificazioni procedurali"},"content":{"rendered":"<p style=\"text-align: justify\">Il riassetto \u00e8 reso necessario per mettere a sistema la grande mole di lavoro svolta finora. Anche in questo ambito dobbiamo rendere pi\u00f9 determinato l\u2019impegno organizzativo integrando:<\/p>\n<ul style=\"text-align: justify\">\n<li>le conoscenze e i flussi informativi<\/li>\n<li>le varie competenze in un\u2019ottica di dialogo e confronto costruttivo e di condivisione<\/li>\n<li>una organizzazione decentrata ma multipolare di scala, adeguata alle caratteristiche delle strutture e alla complessit\u00e0 dei processi<\/li>\n<\/ul>\n<p style=\"text-align: justify\">Dobbiamo incentivare la progettualit\u00e0 innovativa e il raggiungimento degli obiettivi, privilegiando un serio sistema di valutazione.\u00a0Gli obiettivi saranno di Ateneo e contenuti nel Piano Strategico e vedranno coinvolti in modo sinergico tutte le anime dell\u2019Ateneo.<\/p>\n<p style=\"text-align: justify\">I bilanci di previsione e consuntivo del nostro Ateneo esprimono la sintesi, rispettivamente, di cosa intendiamo fare e di cosa abbiamo fatto. L\u2019equilibrio delle quantit\u00e0 che li compongono non \u00e8 un obiettivo in s\u00e9, ma costituisce un vincolo di buona amministrazione. Il bilancio preventivo \u00e8 l\u2019espressione delle priorit\u00e0 nell\u2019allocazione delle risorse e deve essere partecipato. Per questo motivo verr\u00e0 potenziato, nella revisione dello statuto, il ruolo del Senato e della Consulta dei Direttori, nel rispetto ovviamente della normativa attuale. Il bilancio consuntivo costituisce lo strumento principale di resa del conto \u2013 accountability \u2013 dell\u2019amministrazione ai legittimi portatori di interessi, interni ed esterni. Entrambi devono essere leggibili anche per i meno avvezzi a questi argomenti. Soprattutto, in tempi di scarsit\u00e0 di risorse, le scelte devono essere trasparenti e chiare, in un processo di condivisione dei problemi e delle soluzioni.<\/p>\n","protected":false},"excerpt":{"rendered":"<p>Il riassetto \u00e8 reso necessario per mettere a sistema la grande mole di lavoro svolta finora. Anche in questo ambito dobbiamo rendere pi\u00f9 determinato l\u2019impegno organizzativo integrando: le conoscenze e i flussi informativi le varie competenze in un\u2019ottica di dialogo e confronto costruttivo e di condivisione una organizzazione decentrata ma multipolare di scala, adeguata alle &hellip; <a href=\"https:\/\/candidati.unica.it\/mariadelzompo\/il-mio-programma-2\/4-il-governo-dellateneo\/riorganizzazione-dellamministrazione-centrale-e-semplificazioni-procedurali\/\" class=\"more-link\">Continua la lettura di <span class=\"screen-reader-text\">3. 4 Riorganizzazione dell\u2019Amministrazione Centrale e semplificazioni procedurali<\/span> <span class=\"meta-nav\">&rarr;<\/span><\/a><\/p>\n","protected":false},"author":241,"featured_media":0,"parent":138,"menu_order":4,"comment_status":"open","ping_status":"open","template":"","meta":{"footnotes":""},"class_list":["post-150","page","type-page","status-publish","hentry"],"_links":{"self":[{"href":"https:\/\/candidati.unica.it\/mariadelzompo\/wp-json\/wp\/v2\/pages\/150","targetHints":{"allow":["GET"]}}],"collection":[{"href":"https:\/\/candidati.unica.it\/mariadelzompo\/wp-json\/wp\/v2\/pages"}],"about":[{"href":"https:\/\/candidati.unica.it\/mariadelzompo\/wp-json\/wp\/v2\/types\/page"}],"author":[{"embeddable":true,"href":"https:\/\/candidati.unica.it\/mariadelzompo\/wp-json\/wp\/v2\/users\/241"}],"replies":[{"embeddable":true,"href":"https:\/\/candidati.unica.it\/mariadelzompo\/wp-json\/wp\/v2\/comments?post=150"}],"version-history":[{"count":7,"href":"https:\/\/candidati.unica.it\/mariadelzompo\/wp-json\/wp\/v2\/pages\/150\/revisions"}],"predecessor-version":[{"id":435,"href":"https:\/\/candidati.unica.it\/mariadelzompo\/wp-json\/wp\/v2\/pages\/150\/revisions\/435"}],"up":[{"embeddable":true,"href":"https:\/\/candidati.unica.it\/mariadelzompo\/wp-json\/wp\/v2\/pages\/138"}],"wp:attachment":[{"href":"https:\/\/candidati.unica.it\/mariadelzompo\/wp-json\/wp\/v2\/media?parent=150"}],"curies":[{"name":"wp","href":"https:\/\/api.w.org\/{rel}","templated":true}]}}