{"id":148,"date":"2015-02-14T11:29:49","date_gmt":"2015-02-14T10:29:49","guid":{"rendered":"http:\/\/candidati.unica.it\/mariadelzompo\/?page_id=148"},"modified":"2015-02-16T19:03:17","modified_gmt":"2015-02-16T18:03:17","slug":"valutazione","status":"publish","type":"page","link":"https:\/\/candidati.unica.it\/mariadelzompo\/il-mio-programma-2\/4-il-governo-dellateneo\/valutazione\/","title":{"rendered":"3.3 Valutazione"},"content":{"rendered":"<p style=\"text-align: justify\">E&#8217; un indispensabile strumento di garanzia necessaria alla trasparenza e alla qualit\u00e0 del Governo. Essa \u00e8 prassi ormai consolidata e unica strada praticabile per promuovere quelle che si sono dimostrate le soluzioni migliori e sostenere le scelte per una corretta allocazione delle risorse. Sono convinta che i risultati della valutazione debbano essere parte sostanziale delle discussioni alla base delle scelte nel nostro Ateneo. I meccanismi di valutazione dovranno essere incentivati nella consapevolezza che solo l\u2019<strong>evidenziazione dei punti di forza e di quelli di debolezza<\/strong> permette una programmazione incisiva. I team a progetto saranno coinvolti nella preparazione di una proposta condivisa relativa alla valutazione del personale TA e alla stesura del regolamento sugli scatti del personale docente previsto dalla 240\/10.<\/p>\n<p style=\"text-align: justify\">Nella mia azione di governo il <strong>Sistema della Valutazione\u00a0<\/strong>sar\u00e0 prioritario e privilegiato e avr\u00e0 come obiettivi quello di contrastare la dispersione delle risorse e le frammentazioni eccessive, aumentare la capacit\u00e0 decisionale e l\u2019operativit\u00e0 a tutti i livelli. Tutto questo senza mai dimenticare l\u2019importanza culturale di situazioni particolari che storicamente hanno dato e danno valore al nostro Ateneo, anche se non fanno, apparentemente, \u201cmercato\u201d.<\/p>\n","protected":false},"excerpt":{"rendered":"<p>E&#8217; un indispensabile strumento di garanzia necessaria alla trasparenza e alla qualit\u00e0 del Governo. Essa \u00e8 prassi ormai consolidata e unica strada praticabile per promuovere quelle che si sono dimostrate le soluzioni migliori e sostenere le scelte per una corretta allocazione delle risorse. Sono convinta che i risultati della valutazione debbano essere parte sostanziale delle &hellip; <a href=\"https:\/\/candidati.unica.it\/mariadelzompo\/il-mio-programma-2\/4-il-governo-dellateneo\/valutazione\/\" class=\"more-link\">Continua la lettura di <span class=\"screen-reader-text\">3.3 Valutazione<\/span> <span class=\"meta-nav\">&rarr;<\/span><\/a><\/p>\n","protected":false},"author":241,"featured_media":0,"parent":138,"menu_order":3,"comment_status":"open","ping_status":"open","template":"","meta":{"footnotes":""},"class_list":["post-148","page","type-page","status-publish","hentry"],"_links":{"self":[{"href":"https:\/\/candidati.unica.it\/mariadelzompo\/wp-json\/wp\/v2\/pages\/148","targetHints":{"allow":["GET"]}}],"collection":[{"href":"https:\/\/candidati.unica.it\/mariadelzompo\/wp-json\/wp\/v2\/pages"}],"about":[{"href":"https:\/\/candidati.unica.it\/mariadelzompo\/wp-json\/wp\/v2\/types\/page"}],"author":[{"embeddable":true,"href":"https:\/\/candidati.unica.it\/mariadelzompo\/wp-json\/wp\/v2\/users\/241"}],"replies":[{"embeddable":true,"href":"https:\/\/candidati.unica.it\/mariadelzompo\/wp-json\/wp\/v2\/comments?post=148"}],"version-history":[{"count":6,"href":"https:\/\/candidati.unica.it\/mariadelzompo\/wp-json\/wp\/v2\/pages\/148\/revisions"}],"predecessor-version":[{"id":432,"href":"https:\/\/candidati.unica.it\/mariadelzompo\/wp-json\/wp\/v2\/pages\/148\/revisions\/432"}],"up":[{"embeddable":true,"href":"https:\/\/candidati.unica.it\/mariadelzompo\/wp-json\/wp\/v2\/pages\/138"}],"wp:attachment":[{"href":"https:\/\/candidati.unica.it\/mariadelzompo\/wp-json\/wp\/v2\/media?parent=148"}],"curies":[{"name":"wp","href":"https:\/\/api.w.org\/{rel}","templated":true}]}}