{"id":145,"date":"2015-02-14T11:28:42","date_gmt":"2015-02-14T10:28:42","guid":{"rendered":"http:\/\/candidati.unica.it\/mariadelzompo\/?page_id=145"},"modified":"2015-02-16T15:01:16","modified_gmt":"2015-02-16T14:01:16","slug":"dipartimenti-e-facolta","status":"publish","type":"page","link":"https:\/\/candidati.unica.it\/mariadelzompo\/il-mio-programma-2\/4-il-governo-dellateneo\/dipartimenti-e-facolta\/","title":{"rendered":"3.2 Dipartimenti e Facolt\u00e0"},"content":{"rendered":"<p style=\"text-align: justify\">I Dipartimenti hanno un ruolo cardine nel nostro Ateneo anche a seguito della applicazione della legge 240\/10.<\/p>\n<p style=\"text-align: justify\">Gli obiettivi di potenziamento della ricerca, di perseguimento di livelli qualitativi elevati, di promozione di accordi e collaborazioni sono in capo ai Dipartimenti. Cos\u00ec come la qualit\u00e0 della didattica, diretta conseguenza della qualit\u00e0 della ricerca, e la proposta formativa del post-laurea, dipendono esclusivamente dal buon lavoro fatto dai docenti nei loro dipartimenti di afferenza. Vorrei andare anche oltre: il raggiungimento di obiettivi cadenzati da indicatori legati alla quantit\u00e0 e alla qualit\u00e0 delle attivit\u00e0 \u00e8 in gran parte sulle spalle dei Dipartimenti. La buona valutazione della loro attivit\u00e0 \u00e8 fondamentale per far arrivare in Ateneo risorse dal MIUR altrimenti perse per sempre.\u00a0Al Rettore e al governo dell\u2019Ateneo spetta il compito di migliorare le condizioni strutturali che rendano possibile un sensibile progresso della ricerca in tutti i settori. In questo periodo storico, la ristrettezza delle risorse e le incertezze normative permettono obiettivi a corto raggio, comunque funzionali al raggiungimento di quelle basi metodologiche e operative necessarie per il rilancio della ricerca nel nostro Ateneo. In questa ottica, le esigenze presentate dai Dipartimenti saranno la base operativa per la realizzazione dei Servizi Comuni per la Ricerca. Mi sento di assumere l\u2019impegno, attraverso un confronto costruttivo, di trovare subito le modalit\u00e0 attraverso cui <strong>dar voce istituzionale ai Dipartimenti<\/strong>, e potenziare la loro autonomia, con compiti consultivi ed esecutivi precisi, trasparenti e condivisi con la costituzione della Consulta dei Direttori di Dipartimento.<\/p>\n<p style=\"text-align: justify\">Pur consapevole dei profondi cambiamenti avvenuti a seguito della applicazione della Legge 240\/10, ritengo necessario palesare le mie intenzioni sull\u2019attuale assetto relativo alle Strutture di raccordo.\u00a0L\u2019attuale Statuto del nostro Ateneo, approvato dal Senato Accademico e in vigore da diversi anni, ha evidenziato su questo punto criticit\u00e0, farraginosit\u00e0, mancanza di trasparenza e talvolta appropriazione di funzioni in realt\u00e0 non del tutto allineate con la legge in vigore. La revisione dello Statuto, condivisa e trasparente, migliorer\u00e0 sicuramente questa parte, rendendo le Strutture di Raccordo, se mantenute, efficienti, eliminando tutte le sovrapposizioni.<\/p>\n<p style=\"text-align: justify\">Sullo statuto ho intenzione di aprire da subito una condivisione costruttiva tesa a migliorare la nostra organizzazione, sfruttando anche l&#8217;esperienza di altri atenei generalisti che hanno scelto strade diverse dalla nostra e confrontando i vari scenari. Una Conferenza di Servizio dell&#8217;Ateneo sar\u00e0 poi utile per il confronto.<\/p>\n<p style=\"text-align: justify\">Rilevante anche il tema dei regolamenti \u2013 a oggi 74 \u2013 che andranno rivisitati secondo criteri, oltre che di legalit\u00e0, di funzionalit\u00e0 ed efficienza. A tal fine potr\u00e0 essere opportuno, per quanto consentito dalla legislazione vigente, abbandonare la logica della regolazione di dettaglio per passare ad altra basata su un numero contenuto di principi e criteri d\u2019azione.<\/p>\n","protected":false},"excerpt":{"rendered":"<p>I Dipartimenti hanno un ruolo cardine nel nostro Ateneo anche a seguito della applicazione della legge 240\/10. Gli obiettivi di potenziamento della ricerca, di perseguimento di livelli qualitativi elevati, di promozione di accordi e collaborazioni sono in capo ai Dipartimenti. Cos\u00ec come la qualit\u00e0 della didattica, diretta conseguenza della qualit\u00e0 della ricerca, e la proposta &hellip; <a href=\"https:\/\/candidati.unica.it\/mariadelzompo\/il-mio-programma-2\/4-il-governo-dellateneo\/dipartimenti-e-facolta\/\" class=\"more-link\">Continua la lettura di <span class=\"screen-reader-text\">3.2 Dipartimenti e Facolt\u00e0<\/span> <span class=\"meta-nav\">&rarr;<\/span><\/a><\/p>\n","protected":false},"author":241,"featured_media":0,"parent":138,"menu_order":2,"comment_status":"open","ping_status":"open","template":"","meta":{"footnotes":""},"class_list":["post-145","page","type-page","status-publish","hentry"],"_links":{"self":[{"href":"https:\/\/candidati.unica.it\/mariadelzompo\/wp-json\/wp\/v2\/pages\/145","targetHints":{"allow":["GET"]}}],"collection":[{"href":"https:\/\/candidati.unica.it\/mariadelzompo\/wp-json\/wp\/v2\/pages"}],"about":[{"href":"https:\/\/candidati.unica.it\/mariadelzompo\/wp-json\/wp\/v2\/types\/page"}],"author":[{"embeddable":true,"href":"https:\/\/candidati.unica.it\/mariadelzompo\/wp-json\/wp\/v2\/users\/241"}],"replies":[{"embeddable":true,"href":"https:\/\/candidati.unica.it\/mariadelzompo\/wp-json\/wp\/v2\/comments?post=145"}],"version-history":[{"count":5,"href":"https:\/\/candidati.unica.it\/mariadelzompo\/wp-json\/wp\/v2\/pages\/145\/revisions"}],"predecessor-version":[{"id":399,"href":"https:\/\/candidati.unica.it\/mariadelzompo\/wp-json\/wp\/v2\/pages\/145\/revisions\/399"}],"up":[{"embeddable":true,"href":"https:\/\/candidati.unica.it\/mariadelzompo\/wp-json\/wp\/v2\/pages\/138"}],"wp:attachment":[{"href":"https:\/\/candidati.unica.it\/mariadelzompo\/wp-json\/wp\/v2\/media?parent=145"}],"curies":[{"name":"wp","href":"https:\/\/api.w.org\/{rel}","templated":true}]}}