{"id":120,"date":"2015-02-14T10:52:32","date_gmt":"2015-02-14T09:52:32","guid":{"rendered":"http:\/\/candidati.unica.it\/mariadelzompo\/?page_id=120"},"modified":"2015-02-16T18:53:13","modified_gmt":"2015-02-16T17:53:13","slug":"ricerca","status":"publish","type":"page","link":"https:\/\/candidati.unica.it\/mariadelzompo\/il-mio-programma-2\/il-compito-isituzionale\/ricerca\/","title":{"rendered":"2.3 Ricerca"},"content":{"rendered":"<p style=\"text-align: justify\"><strong>La politica di sostegno alla ricerca deve essere perseguita con la maggior efficacia possibile, garantendo la ricerca di base, ma anche aprendoci con convinzione verso l\u2019esterno e, senza timori di avere pericolose subalternit\u00e0 nelle scelte di politica della ricerca.<\/strong><\/p>\n<p style=\"text-align: justify\">Il mio progetto prevede la realizzazione di strumenti che permettano al numero pi\u00f9 elevato di ricercatori di presentare o collaborare a progetti di ricerca in grado di incrementare la nostra produttivit\u00e0 scientifica e, conseguentemente, di migliorare gli indicatori ministeriali.<\/p>\n<p style=\"text-align: justify\">Lo sviluppo della ricerca \u00e8 cruciale per la qualit\u00e0 della formazione, a sua volta fondamentale per la crescita del nostro Ateneo, attraverso l&#8217;avvio di un circolo virtuoso, l\u2019unico che potr\u00e0 consentirci di reggere la competizione in campo nazionale e internazionale. Per ottenere questo risultato, ritengo che l\u2019Ateneo debba potenziare i \u201cServizi Comuni per la Ricerca\u201d tecnologici e scientifici rivolti anche al campo umanistico e delle scienze sociali. Essi dovranno interagire, cooperare e creare una sinergia razionale con le realt\u00e0 della nostra Universit\u00e0 e del territorio per sostenere la ricerca qualificata presente in Ateneo ma, soprattutto, far crescere quella <em>in nuce<\/em>. Questa strategia, oltre a permettere una razionalizzazione delle risorse e una ottimizzazione degli investimenti, dar\u00e0 maggiori opportunit\u00e0 ad un pi\u00f9 alto numero di ricercatori di realizzare progetti competitivi anche a livello internazionale, in particolare europei, indispensabili per attrarre, nel nostro Ateneo, le risorse necessarie per consolidare e migliorare <em>standard<\/em> di ricerca di alto livello. In una tale prospettiva, l\u2019alta formazione e l\u2019<span style=\"text-decoration: underline\"><a href=\"http:\/\/candidati.unica.it\/mariadelzompo\/il-mio-programma-2\/la-missione-istituzionale\/internazionalizzazione\/\">internazionalizzazione<\/a><\/span> (<em>in primis<\/em> quella dei Dottorati di ricerca e la realizzazione di <em>Summer School<\/em>) troverebbero il loro habitat naturale. Il potenziamento dei programmi di mobilit\u00e0 docenti\/visiting e dell&#8217;Ufficio Europa sar\u00e0 una priorit\u00e0, cos\u00ec come i rapporti con la realt\u00e0 mediterranea che vede la presenza anche di fondi europei dedicati. La Regione, grazie alla legge regionale n. 7 del 2007, \u00e8 un nostro interlocutore privilegiato per promuovere il \u201cSistema Regionale della Ricerca e dell\u2019Innovazione Tecnologica\u201d, e mantenere il nostro Ateneo tra i migliori. <strong>\u00a0<\/strong>A questo proposito voglio sottolineare la necessit\u00e0 di attivare un confronto costruttivo con l\u2019Autorit\u00e0 Regionale anche per dare attuazione pratica al Protocollo di Intesa.<\/p>\n<p style=\"text-align: justify\">Ho in animo di attivare, nell\u2019ambito dei delegati del Rettore, i \u201c<em>team a progetto<\/em>\u201d o \u201c<em>unit\u00e0 di progetto<\/em>\u201d che in questo caso si occuperebbero di <em>Progetto Finanziamenti<\/em>, \u00a0con il compito di individuare i bandi locali, regionali, nazionali e internazionali di Istituzioni e di Fondazioni per aumentare la capacit\u00e0 di attrarre fondi per le attivit\u00e0 di ricerca e di <a href=\"http:\/\/candidati.unica.it\/mariadelzompo\/files\/2015\/02\/Valorizzazione-ricerca.pdf\">valorizzazione della ricerca<\/a> composti da docenti e amministrativi competenti.\u00a0L\u2019ampliamento massimo delle opportunit\u00e0 dovr\u00e0 corrispondere alla fattibilit\u00e0 dei progetti: sar\u00e0 quindi imprescindibile mettere i ricercatori nelle condizioni di poter attuare i progetti ideati anche con il potenziamento funzionale dei \u201cServizi Comuni per la Ricerca. In questo modo si riuscir\u00e0 ad ottimizzare le scarse risorse attualmente a disposizione. Sar\u00e0 fondamentale valorizzare, anche in questo contesto, i RTD e gli assegnisti, il personale tecnico, senza i quali l\u2019attivit\u00e0 di ricerca del nostro Ateneo sarebbe pesantemente penalizzata e per i quali \u00e8 necessario, in un\u2019ottica di trasparenza, valutare le reali possibilit\u00e0 di progressione nell\u2019Ateneo.<\/p>\n<p style=\"text-align: justify\"><a href=\"http:\/\/candidati.unica.it\/mariadelzompo\/files\/2015\/02\/Ufficio-Europa.pdf\">UFFICIO EUROPA<\/a>: E\u2019 fondamentale, per la buona riuscita di una progettualit\u00e0 europea, dotarsi di struttura amministrativa competente, in grado di gestire e rendicontare i flussi finanziari secondo le regole fissate dai bandi e in grado di affiancare efficacemente i ricercatori fin dalla preparazione del progetto. Valuteremo sinergie con altre Istituzioni o con altre Universit\u00e0 non necessariamente italiane, per impostare una politica virtuosa a Bruxelles. In questa ottica le aree di eccellenza sono certo fondamentali ed il loro lavoro e i loro risultati saranno indispensabili per la premialit\u00e0, ma forte e imprescindibile sar\u00e0 il mio impegno per aumentare il tasso di crescita delle altre aree, per raggiungere, un equilibrio che faccia sentire tutti parte attiva e gratificata di una unica articolata e moderna Istituzione. <strong>Questo \u00e8 ci\u00f2 che io chiamo \u201cfare sistema\u201d, fulcro del mio Progetto UNICA.<\/strong><\/p>\n","protected":false},"excerpt":{"rendered":"<p>La politica di sostegno alla ricerca deve essere perseguita con la maggior efficacia possibile, garantendo la ricerca di base, ma anche aprendoci con convinzione verso l\u2019esterno e, senza timori di avere pericolose subalternit\u00e0 nelle scelte di politica della ricerca. Il mio progetto prevede la realizzazione di strumenti che permettano al numero pi\u00f9 elevato di ricercatori &hellip; <a href=\"https:\/\/candidati.unica.it\/mariadelzompo\/il-mio-programma-2\/il-compito-isituzionale\/ricerca\/\" class=\"more-link\">Continua la lettura di <span class=\"screen-reader-text\">2.3 Ricerca<\/span> <span class=\"meta-nav\">&rarr;<\/span><\/a><\/p>\n","protected":false},"author":241,"featured_media":0,"parent":90,"menu_order":3,"comment_status":"open","ping_status":"open","template":"","meta":{"footnotes":""},"class_list":["post-120","page","type-page","status-publish","hentry"],"_links":{"self":[{"href":"https:\/\/candidati.unica.it\/mariadelzompo\/wp-json\/wp\/v2\/pages\/120","targetHints":{"allow":["GET"]}}],"collection":[{"href":"https:\/\/candidati.unica.it\/mariadelzompo\/wp-json\/wp\/v2\/pages"}],"about":[{"href":"https:\/\/candidati.unica.it\/mariadelzompo\/wp-json\/wp\/v2\/types\/page"}],"author":[{"embeddable":true,"href":"https:\/\/candidati.unica.it\/mariadelzompo\/wp-json\/wp\/v2\/users\/241"}],"replies":[{"embeddable":true,"href":"https:\/\/candidati.unica.it\/mariadelzompo\/wp-json\/wp\/v2\/comments?post=120"}],"version-history":[{"count":8,"href":"https:\/\/candidati.unica.it\/mariadelzompo\/wp-json\/wp\/v2\/pages\/120\/revisions"}],"predecessor-version":[{"id":425,"href":"https:\/\/candidati.unica.it\/mariadelzompo\/wp-json\/wp\/v2\/pages\/120\/revisions\/425"}],"up":[{"embeddable":true,"href":"https:\/\/candidati.unica.it\/mariadelzompo\/wp-json\/wp\/v2\/pages\/90"}],"wp:attachment":[{"href":"https:\/\/candidati.unica.it\/mariadelzompo\/wp-json\/wp\/v2\/media?parent=120"}],"curies":[{"name":"wp","href":"https:\/\/api.w.org\/{rel}","templated":true}]}}