{"id":12,"date":"2015-02-05T11:18:40","date_gmt":"2015-02-05T10:18:40","guid":{"rendered":"http:\/\/candidati.unica.it\/mariadelzompo\/?page_id=12"},"modified":"2016-09-27T14:43:47","modified_gmt":"2016-09-27T12:43:47","slug":"il-mio-profilo","status":"publish","type":"page","link":"https:\/\/candidati.unica.it\/mariadelzompo\/profilo\/il-mio-profilo\/","title":{"rendered":"Il mio profilo"},"content":{"rendered":"<p style=\"text-align: justify;\">Nata a Cagliari il 21 Aprile 1951. Dopo la laurea in Medicina e Chirurgia presso l\u2019Universit\u00e0 di Cagliari, si \u00e8 specializzata in Neurologia e ha intrapreso la carriera universitaria presso la stessa Universit\u00e0 come precaria (assistente incaricato) nel 1979. Durante le varie fasi della sua carriera ha passato pi\u00f9 di 2 anni presso la \u201cBiological Psychiatry Branch\u201d del <a href=\"http:\/\/www.nimh.nih.gov\/index.shtml\">National Institute of Mental Health<\/a> (NIMH), a Bethesda (USA) dove ha collaborato con John Tallman sotto la direzione di <a href=\"https:\/\/bbrfoundation.org\/scientific-council\/robert-m-post\">Robert M. Post<\/a>.<\/p>\n<p style=\"text-align: justify;\">Dal 2 aprile 2015 \u00e8 Rettore dell&#8217;Universit\u00e0 degli Studi di Cagliari. Fino a quella data \u00e8 stata Professore Ordinario di Farmacologia nel Corso di Laurea di Medicina e Chirurgia dell\u2019Universit\u00e0 di Cagliari,\u00a0Direttore del <a href=\"http:\/\/dipartimenti.unica.it\/scienzebiomediche\/\">Dipartimento di Scienze Biomediche<\/a>,\u00a0e\u00a0Direttore della Scuola di Specializzazione in Farmacologia Medica, presso la stessa Universit\u00e0.<br \/>\nDal 2005 al 2007 \u00e8 stata Pro-Rettore dell\u2019Universit\u00e0 degli Studi di Cagliari.<br \/>\nLa Prof.ssa Maria Del Zompo \u00e8 membro di numerose societ\u00e0 scientifiche tra cui la <a href=\"http:\/\/www.sfn.org\/\">American Society of Neuroscience<\/a>, la <a href=\"http:\/\/ispg.net\/\">International Society of Psychiatric Genetics<\/a>, la <a href=\"http:\/\/www.sobp.org\/i4a\/pages\/index.cfm?pageid=1\">International Society of Biological Psychiatry <\/a>e la <a href=\"http:\/\/www.sifweb.org\/\">Societ\u00e0 Italiana di Farmacologia<\/a>.<br \/>\nE&#8217; stata vincitrice del premio \u201cBurroughs Wellcome Stipend Award\u201d, <a href=\"http:\/\/www.bwfund.org\/\">Burroughs Wellcome Fund<\/a>, Research Triangle Park, NC (USA) presso la Biological Psychiatry Branch, NIMH, Bethesda, MD (USA).<br \/>\nLa sua attivit\u00e0 clinica si \u00e8 svolta presso l\u2019<a href=\"http:\/\/www.aoucagliari.it\/index.php?xsl=15&amp;s=10&amp;v=9&amp;c=2780&amp;esn=Primo+piano&amp;na=1&amp;n=10\">Unit\u00e0 Complessa di Farmacologia Clinica<\/a> dell\u2019Ospedale San Giovanni di Dio, Azienda Ospedaliero-Universitaria di Cagliari, una struttura assistenziale ambulatoriale e dotata di day hospital, e dedicata ad alcune patologie nell\u2019ambito delle neuroscienze cliniche, come la malattia bipolare e l\u2019emicrania, e ad attivit\u00e0 pi\u00f9 specifiche di farmacologia clinica, come il riconoscimento e la gestione delle reazioni avverse da farmaci.<\/p>\n<p style=\"text-align: justify;\">I suoi campi di interesse clinici e di ricerca includono: la Psicofarmacologia clinica, la Genetica psichiatrica (epidemiologia e genetica molecolare del disturbo bipolare e della schizofrenia), la Genetica di malattie complesse come Emicrania, Cefalea a grappolo, Malattia di Alzheimer, la Farmacogenetica (basi genetiche della risposta ai farmaci e alle reazioni avverse da farmaco). La sua produzione scientifica consiste in numerose\u00a0\u00a0<a href=\"http:\/\/candidati.unica.it\/mariadelzompo\/chi-sono\/pubblicazioni-internazionali\/\">pubblicazioni su libri e riviste internazionali<\/a>, pubblicazioni su libri e riviste nazionali e presentazioni a convegni e meeting nazionali e internazionali. Nel 2015 la pubblicazione di un articolo intitolato &#8220;Renal function during long-term lithium treatment: a cross-sectional and longitudinal study&#8221; sulla rivista ad alto impact factor &#8220;BMC Medicine&#8221; \u00e8 stata accompagnata da un&#8217;intervista pubblicata nel sito BioMe e intitolata &#8220;<a href=\"http:\/\/www.biomedcentral.com\/biome\/lithium-treatment-and-renal-function-do-we-really-need-to-be-concerned\/\">Lithium treatment and renal function: do we really need to be concerned?<\/a>&#8220;.\u00a0Maria Del Zompo effettua anche attivit\u00e0 di referaggio di articoli scientifici per numerose riviste internazionali di prestigio, ed effettua attivit\u00e0 di revisore di progetti scientifici per istituzioni italiane e straniere .<\/p>\n<p style=\"text-align: justify;\">Attualmente le collaborazioni internazionali sono con il prof. <a href=\"http:\/\/medicine.dal.ca\/departments\/department-sites\/psychiatry\/our-people\/faculty\/martin-alda.html\">Martin Alda<\/a> del Department of Psychiatry, Dalhousie University, Halifax, Canada, con il Prof. <a href=\"http:\/\/mgss.ca\/gustavo-turecki\">Gustavo Turecki<\/a>, del Research and Academic Affairs, Department of Psychiatry, McGill\u00a0 University, Montreal, Canada, con il Dr. <a href=\"http:\/\/www.src.riken.jp\/english\/group\/inter\/index.html\">Ming Ta Michael Lee<\/a>, del Laboratory for International Alliance on Genomic Research Core for Genomic Medicine, RIKEN Center for Integrative Medical Sciences, Yokohama, Japan e con il Dr. <a href=\"http:\/\/neuroscience-web.tau.ac.il\/en\/?post_type=portfolio&amp;p=1757\">David Gurwitz<\/a>, del\u00a0National Institute for Psychobiology, Tel Aviv University, Israel.\u00a0Inoltre, Maria\u00a0Del Zompo \u00e8 tra i membri fondatori dell&#8217;International Consortium on Lithium Genetics (<a href=\"http:\/\/www.conligen.org\/\">ConLiGen<\/a>) e del&#8217;International Group for the Study of Lithium Treated Patients (<a href=\"http:\/\/www.igsli.org\/\"><span class=\"igsli\">IGSLI<\/span><\/a>), il cui meeting annuale si \u00e8 tenuto a <a href=\"http:\/\/candidati.unica.it\/mariadelzompo\/files\/2015\/02\/Programma-IGSLI-finale.pdf\">Cagliari nel 2010<\/a>.\u00a0Nel 2006 ha organizzato, per la prima volta in Italia, il <a href=\"http:\/\/candidati.unica.it\/mariadelzompo\/files\/2015\/02\/Flyer-ISPG20061.jpg\">XIV Congresso Mondiale<\/a> della International Society of Psychiatric Genetics, di cui \u00e8 membro onorario, che si \u00e8 tenuto a Cagliari dal 28 ottobre al 1\u00b0 novembre 2006.<\/p>\n<div style=\"text-align: justify;\">Negli ultimi anni Maria Del Zompo \u00e8 stata coinvolta in attivit\u00e0 sociali e culturali locali e regionali a cui ha partecipato sempre con entusiasmo.<\/div>\n<div style=\"text-align: justify;\">Ha vinto il Premio \u201cEleonora D\u2019Arborea\u201d, istituito dall\u2019International <a href=\"http:\/\/www.innerwheel.it\/pagina\/?id=2\">Inner Wheel Club<\/a> di Cagliari, nel 2000, che premia una donna sarda che con la sua attivit\u00e0 sociale, culturale e artistica abbia concorso in qualche misura al progresso sociale e culturale della Sardegna.<br \/>\nHa vinto il Premio AIDDA (Associazione Imprenditrici e Donne Dirigenti di Azienda) Delegazione Sardegna III Edizione come \u201cDonna dell\u2019Anno 2007\u201d per aver incisivamente contribuito, con l\u2019altissimo livello della sua attivit\u00e0 clinica e di ricerca, a dare lustro alla Sardegna e alle donne nel mondo.<\/div>\n<div style=\"text-align: justify;\">L&#8217;interesse verso la diffusione della cultura attraverso incontri scientificamente corretti ma divulgativi, \u00e8 sempre stato costante nel tempo in molte manifestazioni.<\/div>\n<div style=\"text-align: justify;\">Nel 2014 ha partecipato alla Fai Marathon\u00a0dove ha fatto la sua<a href=\"http:\/\/www.sardegnasoprattutto.com\/archives\/4841\"> conversazione in Piazza Martiri<\/a> raccontando il legame tra quello che era il cuore commerciale della citt\u00e0 e l&#8217;Universit\u00e0.<\/div>\n<div style=\"text-align: justify;\">Nell&#8217;ultimo anno \u00e8 stata relatrice nella Tavola Rotonda \u201c<a href=\"http:\/\/www.festivalscienzacagliari.it\/events\/scienza-e-societa-ricerca-e-etica\/\">Scienza e Societ\u00e0: Ricerca e Etica<\/a>\u201d.<\/div>\n<div style=\"text-align: justify;\">Il rapporto tra etica e scienza \u00e8 sempre stato un argomento caro a Maria Del Zompo : in una <a href=\"http:\/\/www.sardegnasoprattutto.com\/archives\/5459\">intervista<\/a> di Alessandro Ligas dal titolo &#8220;Ricerca, Innovazione ed Etica: un confronto tra progresso scientifico medico e diritti della persona&#8221; racconta il suo pensiero su un argomento cos\u00ec importante ma anche cos\u00ec delicato per la societ\u00e0. A questo proposito, per diversi anni, nell&#8217;ambito della giornata &#8220;<a href=\"http:\/\/candidati.unica.it\/mariadelzompo\/files\/2015\/02\/velieroB6-ITA-WEB.pdf\">Unistem Day: il lungo e affascinante viaggio della ricerca sulle cellule staminali<\/a>&#8220;, organizzata annualmente in tutta Italia dall&#8217;<a href=\"http:\/\/users2.unimi.it\/unistem\/\">Unistem<\/a> (Centro di Ricerca sulle Cellule Staminali), ha contribuito ad organizzare l&#8217;<a href=\"http:\/\/candidati.unica.it\/mariadelzompo\/files\/2015\/02\/Programma-finale.pdf\">evento a Cagliari<\/a>. \u00a0Cos\u00ec come la partecipazione all&#8217;<a href=\"http:\/\/www.sardegnasoprattutto.com\/archives\/5499\">evento organizzato da Ettore Cannavera<\/a> alla comunit\u00e0 &#8220;La Collina&#8221; sul <i>fine vita,<\/i> a seguito della bellissima lettera di Walter Piludu, \u00e8 sempre dettata dall&#8217;interesse sulle implicazioni della scienza con l&#8217;etica e viceversa, in relazione al rispetto dei diritti dell&#8217;uomo.<\/div>\n<div><\/div>\n","protected":false},"excerpt":{"rendered":"<p>Nata a Cagliari il 21 Aprile 1951. Dopo la laurea in Medicina e Chirurgia presso l\u2019Universit\u00e0 di Cagliari, si \u00e8 specializzata in Neurologia e ha intrapreso la carriera universitaria presso la stessa Universit\u00e0 come precaria (assistente incaricato) nel 1979. Durante le varie fasi della sua carriera ha passato pi\u00f9 di 2 anni presso la \u201cBiological &hellip; <a href=\"https:\/\/candidati.unica.it\/mariadelzompo\/profilo\/il-mio-profilo\/\" class=\"more-link\">Continua la lettura di <span class=\"screen-reader-text\">Il mio profilo<\/span> <span class=\"meta-nav\">&rarr;<\/span><\/a><\/p>\n","protected":false},"author":241,"featured_media":0,"parent":451,"menu_order":1,"comment_status":"closed","ping_status":"closed","template":"","meta":{"footnotes":""},"class_list":["post-12","page","type-page","status-publish","hentry"],"_links":{"self":[{"href":"https:\/\/candidati.unica.it\/mariadelzompo\/wp-json\/wp\/v2\/pages\/12","targetHints":{"allow":["GET"]}}],"collection":[{"href":"https:\/\/candidati.unica.it\/mariadelzompo\/wp-json\/wp\/v2\/pages"}],"about":[{"href":"https:\/\/candidati.unica.it\/mariadelzompo\/wp-json\/wp\/v2\/types\/page"}],"author":[{"embeddable":true,"href":"https:\/\/candidati.unica.it\/mariadelzompo\/wp-json\/wp\/v2\/users\/241"}],"replies":[{"embeddable":true,"href":"https:\/\/candidati.unica.it\/mariadelzompo\/wp-json\/wp\/v2\/comments?post=12"}],"version-history":[{"count":31,"href":"https:\/\/candidati.unica.it\/mariadelzompo\/wp-json\/wp\/v2\/pages\/12\/revisions"}],"predecessor-version":[{"id":566,"href":"https:\/\/candidati.unica.it\/mariadelzompo\/wp-json\/wp\/v2\/pages\/12\/revisions\/566"}],"up":[{"embeddable":true,"href":"https:\/\/candidati.unica.it\/mariadelzompo\/wp-json\/wp\/v2\/pages\/451"}],"wp:attachment":[{"href":"https:\/\/candidati.unica.it\/mariadelzompo\/wp-json\/wp\/v2\/media?parent=12"}],"curies":[{"name":"wp","href":"https:\/\/api.w.org\/{rel}","templated":true}]}}