{"id":116,"date":"2015-02-14T10:50:36","date_gmt":"2015-02-14T09:50:36","guid":{"rendered":"http:\/\/candidati.unica.it\/mariadelzompo\/?page_id=116"},"modified":"2015-02-16T14:56:23","modified_gmt":"2015-02-16T13:56:23","slug":"formazione-post-laurea","status":"publish","type":"page","link":"https:\/\/candidati.unica.it\/mariadelzompo\/il-mio-programma-2\/il-compito-isituzionale\/formazione-post-laurea\/","title":{"rendered":"2.2 Formazione post-laurea"},"content":{"rendered":"<p style=\"text-align: justify\">Il nostro Ateneo deve sviluppare ulteriormente l\u2019Alta Formazione legata al Dottorato di Ricerca e alle Scuole di Specializzazione, ai Master abilitanti e professionalizzanti, alla attivit\u00e0 di Formazione Continua, ai Corsi di Perfezionamento.<\/p>\n<p style=\"text-align: justify\">Certo, il <a href=\"http:\/\/candidati.unica.it\/mariadelzompo\/files\/2015\/02\/Regolamento-corsi-dottorato.pdf\">DM 8\/2\/2013 n.45<\/a> sul Regolamento dei Dottorati di Ricerca recante le modalit\u00e0 di accreditamento delle sedi e dei corsi \u00e8 gi\u00e0 stato applicato con risultati soddisfacenti nel nostro Ateneo ma giusto a dicembre 2014 \u00e8 stato emanato il <a href=\"http:\/\/candidati.unica.it\/mariadelzompo\/files\/2015\/02\/Valuatzione-corsi-dottorato.pdf\">documento finale<\/a> contenente altri indicatori di valutazione sui quali dovremo essere preparati se non vogliamo perdere la parte pi\u00f9 qualificante, insieme alle specializzazioni, della offerta formativa post-laurea, direttamente legata alla qualit\u00e0 della nostra ricerca. Tra questi indicatori \u00e8 prevista la valutazione della attivit\u00e0 scientifica durante e dopo il programma del dottorato. Su questo regolamento dovremo fare attente valutazioni e considerazioni legate alla necessit\u00e0 di prevedere, tra l\u2019altro, borse post-dottorato senza le quali il raggiungimento di valutazioni positive dei dottorati di ricerca pu\u00f2 essere messo a rischio. Inoltre, mi impegno a dare un forte impulso all&#8217;<a href=\"http:\/\/candidati.unica.it\/mariadelzompo\/il-mio-programma-2\/il-compito-isituzionale\/internazionalizzazione\/internazionalizzazione-e-europeizzazione-dei-dottorati-di-ricerca\/\">Internazionalizzazione dei dottorati<\/a>.<\/p>\n<p style=\"text-align: justify\">Inoltre, il nostro Ateneo dovrebbe proporre <strong>Master<\/strong> di II livello abilitanti e professionalizzanti. E\u2019 necessario avviare una progettualit\u00e0 che valuti il costo\/beneficio delle iniziative e che l\u2019Ateneo si attivi immediatamente per valutare il costo\/beneficio dell\u2019accreditamento dei corsi. Tali provvedimenti risulteranno infatti indispensabili per l\u2019accesso ai sempre crescenti Fondi Europei destinati alla Formazione Continua e a quelli in dotazione alle istituzioni locali che attualmente, per l\u2019assenza di certificazioni adeguate, vedono l\u2019Universit\u00e0 di Cagliari non abilitata a partecipare o, peggio, distratta.<\/p>\n<p style=\"text-align: justify\"><strong>La formazione continua<\/strong> oltre che essere un nostro dovere, pu\u00f2 diventare un valore aggiunto importante nei rapporti con la societ\u00e0 e di apertura verso il territorio pu\u00f2 costituire anche una fonte di autofinanziamento.<\/p>\n","protected":false},"excerpt":{"rendered":"<p>Il nostro Ateneo deve sviluppare ulteriormente l\u2019Alta Formazione legata al Dottorato di Ricerca e alle Scuole di Specializzazione, ai Master abilitanti e professionalizzanti, alla attivit\u00e0 di Formazione Continua, ai Corsi di Perfezionamento. Certo, il DM 8\/2\/2013 n.45 sul Regolamento dei Dottorati di Ricerca recante le modalit\u00e0 di accreditamento delle sedi e dei corsi \u00e8 gi\u00e0 &hellip; <a href=\"https:\/\/candidati.unica.it\/mariadelzompo\/il-mio-programma-2\/il-compito-isituzionale\/formazione-post-laurea\/\" class=\"more-link\">Continua la lettura di <span class=\"screen-reader-text\">2.2 Formazione post-laurea<\/span> <span class=\"meta-nav\">&rarr;<\/span><\/a><\/p>\n","protected":false},"author":241,"featured_media":0,"parent":90,"menu_order":2,"comment_status":"open","ping_status":"closed","template":"","meta":{"footnotes":""},"class_list":["post-116","page","type-page","status-publish","hentry"],"_links":{"self":[{"href":"https:\/\/candidati.unica.it\/mariadelzompo\/wp-json\/wp\/v2\/pages\/116","targetHints":{"allow":["GET"]}}],"collection":[{"href":"https:\/\/candidati.unica.it\/mariadelzompo\/wp-json\/wp\/v2\/pages"}],"about":[{"href":"https:\/\/candidati.unica.it\/mariadelzompo\/wp-json\/wp\/v2\/types\/page"}],"author":[{"embeddable":true,"href":"https:\/\/candidati.unica.it\/mariadelzompo\/wp-json\/wp\/v2\/users\/241"}],"replies":[{"embeddable":true,"href":"https:\/\/candidati.unica.it\/mariadelzompo\/wp-json\/wp\/v2\/comments?post=116"}],"version-history":[{"count":14,"href":"https:\/\/candidati.unica.it\/mariadelzompo\/wp-json\/wp\/v2\/pages\/116\/revisions"}],"predecessor-version":[{"id":391,"href":"https:\/\/candidati.unica.it\/mariadelzompo\/wp-json\/wp\/v2\/pages\/116\/revisions\/391"}],"up":[{"embeddable":true,"href":"https:\/\/candidati.unica.it\/mariadelzompo\/wp-json\/wp\/v2\/pages\/90"}],"wp:attachment":[{"href":"https:\/\/candidati.unica.it\/mariadelzompo\/wp-json\/wp\/v2\/media?parent=116"}],"curies":[{"name":"wp","href":"https:\/\/api.w.org\/{rel}","templated":true}]}}